{"id":26,"date":"2025-07-23T23:54:14","date_gmt":"2025-07-23T23:54:14","guid":{"rendered":"https:\/\/dbcr-avocat.fr\/?page_id=26"},"modified":"2025-09-08T17:57:10","modified_gmt":"2025-09-08T17:57:10","slug":"a-propos","status":"publish","type":"page","link":"https:\/\/dbcr-avocat.fr\/en\/a-propos\/","title":{"rendered":"About"},"content":{"rendered":"<p class=\"translation-block\"><strong>Ma\u00eetre Drusilla Bret-Cunynghame-Robertson<\/strong> is a lawyer admitted to the Paris Bar. Passionate and committed, she dedicates her experience to defending fundamental rights and freedoms in France and worldwide.<\/p>\n\n\n\n<h4 class=\"wp-block-heading\" style=\"text-decoration:underline\">Qualifications<\/h4>\n\n\n\n<p>Certified by the Paris Bar School (EFB), she holds a Master\u2019s degree in International Criminal Justice from Universit\u00e9 Paris II Panth\u00e9on-Assas, as well as a dual Master\u2019s degree in Business Law (Comparative and European Law, Universit\u00e9 Paris II Panth\u00e9on-Assas, France \/ University of Fribourg, Switzerland).<\/p>\n\n\n\n<h4 class=\"wp-block-heading\" style=\"text-decoration:underline\">Experience<\/h4>\n\n\n\n<p>Before founding DBCR Avocat, her career was shaped by diverse experience at the International Criminal Court in The Hague (Netherlands), within Paris law firms and with several NGOs. <\/p>\n\n\n\n<p>She has worked on complex cases involving general criminal law, international litigation (including universal jurisdiction), compliance, and corporate social responsibility. She continues to practice in these fields today.<\/p>\n\n\n\n<p><br>Parall\u00e8lement \u00e0 son activit\u00e9 d\u2019avocate, elle s\u2019investit dans la recherche et la formation, notamment en qualit\u00e9 de secr\u00e9taire g\u00e9n\u00e9rale de la Section des Jeunes Chercheurs de l\u2019Acad\u00e9mie africaine de la pratique du droit international, et au sein d\u2019une association antillaise de promotion et de d\u00e9fense des droits humains dans les territoires dits d\u2019\u00ab&nbsp;Outre-mer&nbsp;\u00bb.<\/p>\n\n\n\n<h4 class=\"wp-block-heading\" style=\"text-decoration:underline\">Sa m\u00e9thode<\/h4>\n\n\n\n<p>Dedicated to a rigorous yet accessible practice, Ma\u00eetre Bret-Cunynghame-Robertson provides each client with a tailored strategy and unwavering commitment. <\/p>\n\n\n\n<p class=\"translation-block\">The firm travels on-site whenever necessary, ensuring close support and direct engagement with clients.\nFluent in French and English, she is also proficient in Spanish and has working knowledge of Swahili and Kirundi.<\/p>\n\n\n\n<p>Her ability to learn the languages and cultures of the contexts in which she works is a valuable asset in handling international cases and a guarantee of comprehensive, client-focused representation.<\/p>","protected":false},"excerpt":{"rendered":"<p>Ma\u00eetre Drusilla Bret-Cunynghame-Robertson est avocate au Barreau de Paris. Passionn\u00e9e et engag\u00e9e, elle met son exp\u00e9rience au service de la d\u00e9fense des droits et des libert\u00e9s fondamentales en France et dans le monde. Sa formation Dipl\u00f4m\u00e9e par l\u2019\u00c9cole de formation du Barreau de Paris (EFB), elle est titulaire d\u2019un Master II Justice p\u00e9nale internationale (Universit\u00e9 [&hellip;]<\/p>\n","protected":false},"author":1,"featured_media":0,"parent":0,"menu_order":0,"comment_status":"closed","ping_status":"closed","template":"","meta":{"om_disable_all_campaigns":false,"_monsterinsights_skip_tracking":false,"_monsterinsights_sitenote_active":false,"_monsterinsights_sitenote_note":"","_monsterinsights_sitenote_category":0,"footnotes":""},"class_list":["post-26","page","type-page","status-publish","hentry"],"aioseo_notices":[],"_links":{"self":[{"href":"https:\/\/dbcr-avocat.fr\/en\/wp-json\/wp\/v2\/pages\/26","targetHints":{"allow":["GET"]}}],"collection":[{"href":"https:\/\/dbcr-avocat.fr\/en\/wp-json\/wp\/v2\/pages"}],"about":[{"href":"https:\/\/dbcr-avocat.fr\/en\/wp-json\/wp\/v2\/types\/page"}],"author":[{"embeddable":true,"href":"https:\/\/dbcr-avocat.fr\/en\/wp-json\/wp\/v2\/users\/1"}],"replies":[{"embeddable":true,"href":"https:\/\/dbcr-avocat.fr\/en\/wp-json\/wp\/v2\/comments?post=26"}],"version-history":[{"count":15,"href":"https:\/\/dbcr-avocat.fr\/en\/wp-json\/wp\/v2\/pages\/26\/revisions"}],"predecessor-version":[{"id":282,"href":"https:\/\/dbcr-avocat.fr\/en\/wp-json\/wp\/v2\/pages\/26\/revisions\/282"}],"wp:attachment":[{"href":"https:\/\/dbcr-avocat.fr\/en\/wp-json\/wp\/v2\/media?parent=26"}],"curies":[{"name":"wp","href":"https:\/\/api.w.org\/{rel}","templated":true}]}}