{"id":16,"date":"2024-12-05T16:40:52","date_gmt":"2024-12-05T16:40:52","guid":{"rendered":"https:\/\/dbcr-avocat.fr\/accueil\/"},"modified":"2025-09-08T00:18:40","modified_gmt":"2025-09-08T00:18:40","slug":"accueil","status":"publish","type":"page","link":"https:\/\/dbcr-avocat.fr\/en\/","title":{"rendered":""},"content":{"rendered":"<div class=\"wp-block-group alignfull has-background-background-color has-background has-global-padding is-layout-constrained wp-container-core-group-is-layout-ab92b0a4 wp-block-group-is-layout-constrained\" style=\"margin-top:0;margin-bottom:0;padding-top:var(--wp--preset--spacing--30);padding-right:var(--wp--preset--spacing--30);padding-bottom:var(--wp--preset--spacing--60);padding-left:var(--wp--preset--spacing--30)\">\n<div class=\"wp-block-group has-global-padding is-layout-constrained wp-block-group-is-layout-constrained\">\n<h1 class=\"wp-block-heading alignfull has-text-align-center\">A firm committed to defending your rights and fundamental freedoms.<\/h1>\n\n\n\n<p><\/p>\n\n\n\n<p class=\"has-text-align-center\" style=\"margin-top:16px\">Le Cabinet DBCR est d\u00e9di\u00e9 \u00e0 la d\u00e9fense p\u00e9nale, les droits humains, le droit international et la compliance (responsabilit\u00e9 des entreprises).<\/p>\n\n\n\n<p class=\"has-text-align-center\" style=\"margin-top:16px\">The firm operates in France (mainland and overseas territories) and provides counsel on proceedings before international bodies.<\/p>\n\n\n\n<p><\/p>\n\n\n\n<div class=\"wp-block-buttons is-content-justification-center is-layout-flex wp-container-core-buttons-is-layout-6e21085f wp-block-buttons-is-layout-flex\" style=\"margin-top:var(--wp--preset--spacing--40)\">\n<div class=\"wp-block-button\"><a class=\"wp-block-button__link wp-element-button\" href=\"\/en\/contact\/\">Book an appointment today<\/a><\/div>\n\n\n\n<div class=\"wp-block-button is-style-outline is-style-outline--1\"><a class=\"wp-block-button__link wp-element-button\" href=\"\/en\/services\/\">Explore the firm\u2019s areas of practice<\/a><\/div>\n<\/div>\n<\/div>\n<\/div>\n\n\n\n<div class=\"wp-block-group alignfull has-tertiary-background-color has-background has-medium-font-size has-global-padding is-layout-constrained wp-container-core-group-is-layout-20f6e11c wp-block-group-is-layout-constrained\" id=\"temoignages\" style=\"min-height:28px;margin-top:0;margin-bottom:0;padding-top:0;padding-right:var(--wp--preset--spacing--40);padding-bottom:0;padding-left:var(--wp--preset--spacing--40)\">\n<div class=\"wp-block-columns is-layout-flex wp-container-core-columns-is-layout-28f84493 wp-block-columns-is-layout-flex\">\n<div class=\"wp-block-column is-vertically-aligned-top is-layout-flow wp-block-column-is-layout-flow\">\n<blockquote class=\"wp-block-quote is-style-plain is-layout-flow wp-container-core-quote-is-layout-b7a159c5 wp-block-quote-is-layout-flow\" style=\"margin-top:0;margin-bottom:0\">\n<figure class=\"wp-block-pullquote has-text-align-center\" style=\"margin-top:0;margin-right:0;margin-bottom:0;margin-left:0;font-size:clamp(15.747px, 0.984rem + ((1vw - 3.2px) * 0.86), 24px);\"><blockquote><p class=\"translation-block\">Choosing our firm means opting for a human and committed defense, driven by legal expertise and unwavering dedication.<\/p><cite>Ma\u00eetre Drusilla Bret-Cunynghame-Robertson<br>Avocate au Barreau de Paris<\/cite><\/blockquote><\/figure>\n<\/blockquote>\n<\/div>\n<\/div>\n<\/div>\n\n\n\n<div class=\"wp-block-group alignfull has-background-background-color has-background has-global-padding is-layout-constrained wp-container-core-group-is-layout-7276a2bb wp-block-group-is-layout-constrained\" id=\"devis\" style=\"margin-top:0;margin-bottom:0;padding-top:var(--wp--preset--spacing--60);padding-right:var(--wp--preset--spacing--30);padding-bottom:var(--wp--preset--spacing--60);padding-left:var(--wp--preset--spacing--30)\">\n<h2 class=\"wp-block-heading has-text-align-center has-large-font-size\">Request an appointment<\/h2>\n\n\n\n<p class=\"has-text-align-center\" style=\"margin-top:16px\">Request a review of your case. <\/p>\n\n\n\n<p class=\"has-text-align-center\" style=\"margin-top:16px\">Remplissez le <a href=\"https:\/\/dbcr-avocat.fr\/en\/contact\/\" title=\"(pas de titre)\">formulaire<\/a> et obtenez une estimation adapt\u00e9e \u00e0 vos besoins.<\/p>\n\n\n\n<div class=\"wp-block-group has-tertiary-background-color has-background has-global-padding is-layout-constrained wp-container-core-group-is-layout-a666d811 wp-block-group-is-layout-constrained\" style=\"padding-top:var(--wp--preset--spacing--40);padding-right:var(--wp--preset--spacing--40);padding-bottom:var(--wp--preset--spacing--40);padding-left:var(--wp--preset--spacing--40)\">\n<p class=\"has-text-align-center\"><br><strong>1 bis boulevard Berthier<\/strong><\/p>\n\n\n\n<p class=\"has-text-align-center\" style=\"margin-top:0;margin-bottom:12px\"><strong>75017 Paris<\/strong><\/p>\n\n\n\n<p class=\"has-text-align-center\" style=\"margin-top:8px\">contact@dbcr-avocat.fr<\/p>\n<\/div>\n<\/div>\n\n\n\n<p><\/p>","protected":false},"excerpt":{"rendered":"<p>Un cabinet engag\u00e9 \u00e0 d\u00e9fendre vos droits et libert\u00e9s fondamentales Le Cabinet DBCR est d\u00e9di\u00e9 \u00e0 la d\u00e9fense p\u00e9nale, les droits humains, le droit international et la compliance (responsabilit\u00e9 des entreprises). Le Cabinet op\u00e8re en France (Hexagone et Outre-mer) et conseille sur les proc\u00e9dures devant des instances internationales. Choisir notre Cabinet, c&rsquo;est opter pour une [&hellip;]<\/p>\n","protected":false},"author":1,"featured_media":0,"parent":0,"menu_order":0,"comment_status":"closed","ping_status":"closed","template":"no-title","meta":{"om_disable_all_campaigns":false,"_monsterinsights_skip_tracking":false,"_monsterinsights_sitenote_active":false,"_monsterinsights_sitenote_note":"","_monsterinsights_sitenote_category":0,"footnotes":""},"class_list":["post-16","page","type-page","status-publish","hentry"],"aioseo_notices":[],"_links":{"self":[{"href":"https:\/\/dbcr-avocat.fr\/en\/wp-json\/wp\/v2\/pages\/16","targetHints":{"allow":["GET"]}}],"collection":[{"href":"https:\/\/dbcr-avocat.fr\/en\/wp-json\/wp\/v2\/pages"}],"about":[{"href":"https:\/\/dbcr-avocat.fr\/en\/wp-json\/wp\/v2\/types\/page"}],"author":[{"embeddable":true,"href":"https:\/\/dbcr-avocat.fr\/en\/wp-json\/wp\/v2\/users\/1"}],"replies":[{"embeddable":true,"href":"https:\/\/dbcr-avocat.fr\/en\/wp-json\/wp\/v2\/comments?post=16"}],"version-history":[{"count":33,"href":"https:\/\/dbcr-avocat.fr\/en\/wp-json\/wp\/v2\/pages\/16\/revisions"}],"predecessor-version":[{"id":267,"href":"https:\/\/dbcr-avocat.fr\/en\/wp-json\/wp\/v2\/pages\/16\/revisions\/267"}],"wp:attachment":[{"href":"https:\/\/dbcr-avocat.fr\/en\/wp-json\/wp\/v2\/media?parent=16"}],"curies":[{"name":"wp","href":"https:\/\/api.w.org\/{rel}","templated":true}]}}