{"id":148,"date":"2025-07-22T01:09:26","date_gmt":"2025-07-22T01:09:26","guid":{"rendered":"https:\/\/dbcr-avocat.fr\/?page_id=148"},"modified":"2025-07-24T23:17:15","modified_gmt":"2025-07-24T23:17:15","slug":"mentions-legales","status":"publish","type":"page","link":"https:\/\/dbcr-avocat.fr\/en\/mentions-legales\/","title":{"rendered":"Legal Notice"},"content":{"rendered":"<div class=\"wp-block-group alignfull has-background-background-color has-background has-global-padding is-layout-constrained wp-container-core-group-is-layout-7276a2bb wp-block-group-is-layout-constrained\" style=\"margin-top:0;margin-bottom:0;padding-top:var(--wp--preset--spacing--60);padding-right:var(--wp--preset--spacing--30);padding-bottom:var(--wp--preset--spacing--60);padding-left:var(--wp--preset--spacing--30)\">\n<div class=\"wp-block-group alignwide has-global-padding is-content-justification-center is-layout-constrained wp-block-group-is-layout-constrained\">\n<h2 class=\"wp-block-heading has-text-align-center has-large-font-size\">View the essential legal notice<\/h2>\n\n\n\n<p class=\"has-text-align-center\" style=\"margin-top:16px\">This page sets out the legal information and terms of use<\/p>\n<\/div>\n\n\n\n<div class=\"wp-block-columns alignwide is-layout-flex wp-container-core-columns-is-layout-a88a3fd8 wp-block-columns-is-layout-flex\">\n<div class=\"wp-block-column is-layout-flow wp-block-column-is-layout-flow\">\n<figure class=\"wp-block-image aligncenter size-large ext-aspect-landscape wp-duotone-primary-foreground\"><img decoding=\"async\" src=\"data:image\/svg+xml;base64,PHN2ZyB4bWxucz0iaHR0cDovL3d3dy53My5vcmcvMjAwMC9zdmciIHdpZHRoPSI0OCIgaGVpZ2h0PSI0OCIgZmlsbD0ibm9uZSIgdmlld0JveD0iMCAwIDQ4IDQ4Ij48bWFzayBpZD0iYSIgd2lkdGg9IjQ4IiBoZWlnaHQ9IjQ4IiB4PSIwIiB5PSIwIiBtYXNrVW5pdHM9InVzZXJTcGFjZU9uVXNlIiBzdHlsZT0ibWFzay10eXBlOmFscGhhIj48cGF0aCBmaWxsPSIjRDlEOUQ5IiBkPSJNMCAwaDQ4djQ4SDB6Ii8+PC9tYXNrPjxnIG1hc2s9InVybCgjYSkiPjxwYXRoIGZpbGw9IiMxQzFCMUYiIGQ9Ik03IDQwYy0uNzY3IDAtMS40NTgtLjMwOC0yLjA3NS0uOTI1QzQuMzA4IDM4LjQ1OCA0IDM3Ljc2NyA0IDM3VjExYzAtLjc2Ny4zMDgtMS40NTguOTI1LTIuMDc1QzUuNTQyIDguMzA4IDYuMjMzIDggNyA4aDE0LjA1bDMgM0g0MWMuNzY3IDAgMS40NTguMzA4IDIuMDc1LjkyNS42MTcuNjE3LjkyNSAxLjMwOC45MjUgMi4wNzVIMjIuNzVsLTMtM0g3djI2bDUuMS0yMEg0N2wtNS4zNSAyMC43Yy0uMi44LS41NjcgMS4zODMtMS4xIDEuNzUtLjUzMy4zNjctMS4yMTcuNTUtMi4wNS41NUg3Wm0zLjE1LTNoMjguNmw0LjItMTdoLTI4LjZsLTQuMiAxN1oiLz48L2c+PC9zdmc+\" alt=\"\"\/><\/figure>\n\n\n\n<h3 class=\"wp-block-heading has-text-align-center\" style=\"margin-top:24px;font-size:clamp(14px, 0.875rem + ((1vw - 3.2px) * 0.625), 20px);line-height:1.5\">Notices<\/h3>\n\n\n\n<p class=\"has-text-align-center has-small-font-size\" style=\"margin-top:8px\">The rules of use and intellectual property rights explained.<\/p>\n\n\n\n<div class=\"wp-block-buttons is-content-justification-center is-layout-flex wp-container-core-buttons-is-layout-a89b3969 wp-block-buttons-is-layout-flex\">\n<div class=\"wp-block-button\"><a class=\"wp-block-button__link has-small-font-size has-custom-font-size wp-element-button\" href=\"https:\/\/dbcr-avocat.fr\/en\/conditions-generales\/\">Learn more<\/a><\/div>\n<\/div>\n<\/div>\n\n\n\n<div class=\"wp-block-column is-layout-flow wp-block-column-is-layout-flow\">\n<figure class=\"wp-block-image aligncenter size-large ext-aspect-landscape wp-duotone-primary-foreground\"><img decoding=\"async\" src=\"data:image\/svg+xml;base64,PHN2ZyB4bWxucz0iaHR0cDovL3d3dy53My5vcmcvMjAwMC9zdmciIHdpZHRoPSI0OCIgaGVpZ2h0PSI0OCIgZmlsbD0ibm9uZSIgdmlld0JveD0iMCAwIDQ4IDQ4Ij48bWFzayBpZD0iYSIgd2lkdGg9IjQ4IiBoZWlnaHQ9IjQ4IiB4PSIwIiB5PSIwIiBtYXNrVW5pdHM9InVzZXJTcGFjZU9uVXNlIiBzdHlsZT0ibWFzay10eXBlOmFscGhhIj48cGF0aCBmaWxsPSIjRDlEOUQ5IiBkPSJNMCAwaDQ4djQ4SDB6Ii8+PC9tYXNrPjxnIG1hc2s9InVybCgjYSkiPjxwYXRoIGZpbGw9IiMxQzFCMUYiIGQ9Ik03IDQwYy0uNzY3IDAtMS40NTgtLjMwOC0yLjA3NS0uOTI1QzQuMzA4IDM4LjQ1OCA0IDM3Ljc2NyA0IDM3VjExYzAtLjc2Ny4zMDgtMS40NTguOTI1LTIuMDc1QzUuNTQyIDguMzA4IDYuMjMzIDggNyA4aDE0LjA1bDMgM0g0MWMuNzY3IDAgMS40NTguMzA4IDIuMDc1LjkyNS42MTcuNjE3LjkyNSAxLjMwOC45MjUgMi4wNzVIMjIuNzVsLTMtM0g3djI2bDUuMS0yMEg0N2wtNS4zNSAyMC43Yy0uMi44LS41NjcgMS4zODMtMS4xIDEuNzUtLjUzMy4zNjctMS4yMTcuNTUtMi4wNS41NUg3Wm0zLjE1LTNoMjguNmw0LjItMTdoLTI4LjZsLTQuMiAxN1oiLz48L2c+PC9zdmc+\" alt=\"\"\/><\/figure>\n\n\n\n<h3 class=\"wp-block-heading has-text-align-center\" style=\"margin-top:24px;font-size:clamp(14px, 0.875rem + ((1vw - 3.2px) * 0.625), 20px);line-height:1.5\">Personal data<\/h3>\n\n\n\n<p class=\"has-text-align-center has-small-font-size\" style=\"margin-top:8px\">Detailed privacy policy and management of personal data.<\/p>\n\n\n\n<div class=\"wp-block-buttons is-content-justification-center is-layout-flex wp-container-core-buttons-is-layout-a89b3969 wp-block-buttons-is-layout-flex\">\n<div class=\"wp-block-button\"><a class=\"wp-block-button__link has-small-font-size has-custom-font-size wp-element-button\" href=\"https:\/\/dbcr-avocat.fr\/en\/privacy-policy\/\">Learn more<\/a><\/div>\n<\/div>\n<\/div>\n<\/div>\n<\/div>","protected":false},"excerpt":{"rendered":"<p>Consultez les mentions l\u00e9gales essentielles. Cette page d\u00e9taille les informations l\u00e9gales et les conditions d&rsquo;utilisation. Conditions Les r\u00e8gles d&rsquo;utilisation et les droits de propri\u00e9t\u00e9 intellectuelle expliqu\u00e9s. Donn\u00e9es Politique de confidentialit\u00e9 et gestion des donn\u00e9es personnelles d\u00e9taill\u00e9e.<\/p>","protected":false},"author":1,"featured_media":0,"parent":0,"menu_order":0,"comment_status":"closed","ping_status":"closed","template":"","meta":{"om_disable_all_campaigns":false,"_monsterinsights_skip_tracking":false,"_monsterinsights_sitenote_active":false,"_monsterinsights_sitenote_note":"","_monsterinsights_sitenote_category":0,"footnotes":""},"class_list":["post-148","page","type-page","status-publish","hentry"],"aioseo_notices":[],"_links":{"self":[{"href":"https:\/\/dbcr-avocat.fr\/en\/wp-json\/wp\/v2\/pages\/148","targetHints":{"allow":["GET"]}}],"collection":[{"href":"https:\/\/dbcr-avocat.fr\/en\/wp-json\/wp\/v2\/pages"}],"about":[{"href":"https:\/\/dbcr-avocat.fr\/en\/wp-json\/wp\/v2\/types\/page"}],"author":[{"embeddable":true,"href":"https:\/\/dbcr-avocat.fr\/en\/wp-json\/wp\/v2\/users\/1"}],"replies":[{"embeddable":true,"href":"https:\/\/dbcr-avocat.fr\/en\/wp-json\/wp\/v2\/comments?post=148"}],"version-history":[{"count":12,"href":"https:\/\/dbcr-avocat.fr\/en\/wp-json\/wp\/v2\/pages\/148\/revisions"}],"predecessor-version":[{"id":199,"href":"https:\/\/dbcr-avocat.fr\/en\/wp-json\/wp\/v2\/pages\/148\/revisions\/199"}],"wp:attachment":[{"href":"https:\/\/dbcr-avocat.fr\/en\/wp-json\/wp\/v2\/media?parent=148"}],"curies":[{"name":"wp","href":"https:\/\/api.w.org\/{rel}","templated":true}]}}