{"id":12,"date":"2024-12-05T16:40:50","date_gmt":"2024-12-05T16:40:50","guid":{"rendered":"https:\/\/dbcr-avocat.fr\/a-propos\/"},"modified":"2025-08-30T21:32:52","modified_gmt":"2025-08-30T21:32:52","slug":"services","status":"publish","type":"page","link":"https:\/\/dbcr-avocat.fr\/en\/services\/","title":{"rendered":"Practice Areas"},"content":{"rendered":"<div class=\"wp-block-group alignfull has-tertiary-background-color has-background has-global-padding is-layout-constrained wp-container-core-group-is-layout-7276a2bb wp-block-group-is-layout-constrained\" id=\"a-propos\" style=\"margin-top:0;margin-bottom:0;padding-top:var(--wp--preset--spacing--60);padding-right:var(--wp--preset--spacing--30);padding-bottom:var(--wp--preset--spacing--60);padding-left:var(--wp--preset--spacing--30)\">\n<div class=\"wp-block-columns alignwide is-layout-flex wp-container-core-columns-is-layout-47c06fe3 wp-block-columns-is-layout-flex\">\n<div class=\"wp-block-column is-layout-flow wp-block-column-is-layout-flow\">\n<h2 class=\"wp-block-heading has-primary-color has-text-color has-link-color has-large-font-size wp-elements-d6a78b380973b0d759c7a5b872aae3bf\"><sup>French criminal law and criminal procedure<\/sup><\/h2>\n\n\n\n<p class=\"has-medium-font-size\">The firm defends individuals (adults and minors) and legal entities, whether they are defendants or victims.<\/p>\n\n\n\n<p class=\"has-medium-font-size\">We are involved in all stages of criminal proceedings:<\/p>\n\n\n\n<ul class=\"wp-block-list\">\n<li class=\"has-medium-font-size translation-block\"><strong>Pre-trial:<\/strong> advice, filing complaints, voluntary interviews, police custody, alternatives to prosecution<\/li>\n\n\n\n<li class=\"has-medium-font-size translation-block\"><strong>During the investigation and judicial investigation (\"instruction\"):<\/strong> assistance with questioning, requests for documents, confrontations, expert reports, pre-trial detention<\/li>\n\n\n\n<li class=\"has-medium-font-size translation-block\"><strong>Before the courts:<\/strong> Police Court, Criminal Court, Departmental Criminal Court, and the Assize Court (serious crimes)<\/li>\n\n\n\n<li class=\"has-medium-font-size translation-block\"><strong>After the trial:<\/strong> sentence adjustments, parole, obtaining damages, expungement of criminal records<\/li>\n<\/ul>\n\n\n\n<p class=\"has-medium-font-size\"><br><strong>Our areas of practice cover<\/strong> :<\/p>\n\n\n\n<ul class=\"wp-block-list\">\n<li class=\"has-medium-font-size\">Crimes against persons, property, and integrity<\/li>\n\n\n\n<li class=\"has-medium-font-size\">White-collar crimes and corporate criminal law<\/li>\n\n\n\n<li class=\"has-medium-font-size\">Environmental criminal law<\/li>\n<\/ul>\n<\/div>\n\n\n\n<div class=\"wp-block-column is-layout-flow wp-block-column-is-layout-flow\">\n<h2 class=\"wp-block-heading has-primary-color has-text-color has-link-color has-large-font-size wp-elements-3fcd8824d4599ae239cc3de963b64604\"><sup>Compliance, Business Human Rights &amp; Corporate Social Responsibility (CSR)<\/sup><\/h2>\n\n\n\n<p class=\"has-medium-font-size\">We assist individuals, communities, associations, and institutions in matters relating to:<\/p>\n\n\n\n<ul class=\"wp-block-list\">\n<li class=\"has-medium-font-size\">Duty of vigilance, corporate accountability and corporate social responsibility (CSR)<\/li>\n\n\n\n<li class=\"has-medium-font-size\">ESG compliance<\/li>\n<\/ul>\n\n\n\n<p class=\"has-medium-font-size\">We also advise companies on their obligations with regard to applicable standards.<\/p>\n\n\n\n<p class=\"has-medium-font-size translation-block\">Our mission: to anticipate risks, prevent sanctions, and defend your commitments within a rigorous legal framework.<\/p>\n<\/div>\n\n\n\n<div class=\"wp-block-column is-layout-flow wp-block-column-is-layout-flow\">\n<h2 class=\"wp-block-heading has-primary-color has-text-color has-link-color has-large-font-size wp-elements-0a114b5754694ba8c4027bb87621dcf3\"><sup>International Criminal and Public Law<\/sup><\/h2>\n\n\n\n<p class=\"has-medium-font-size\">We represent individuals, NGOs, companies, and States in cases involving:<\/p>\n\n\n\n<ul class=\"wp-block-list\">\n<li class=\"has-medium-font-size\">Atrocity crimes: crimes against humanity, genocide, and war crimes<\/li>\n\n\n\n<li class=\"has-medium-font-size\">International judicial cooperation and universal jurisdiction<\/li>\n\n\n\n<li class=\"has-medium-font-size\">Human rights law<\/li>\n\n\n\n<li class=\"has-medium-font-size\">Public international law<\/li>\n<\/ul>\n\n\n\n<p class=\"has-medium-font-size\"><br>Our work combines strategic case analysis, the use of open-source intelligence (OSINT), and a strong command of international legal standards.<\/p>\n<\/div>\n<\/div>\n<\/div>\n\n\n\n<div class=\"wp-block-group alignfull has-background-background-color has-background has-global-padding is-layout-constrained wp-container-core-group-is-layout-fb85e995 wp-block-group-is-layout-constrained\" style=\"margin-top:0;margin-bottom:0;padding-top:var(--wp--preset--spacing--60);padding-right:var(--wp--preset--spacing--30);padding-bottom:var(--wp--preset--spacing--60);padding-left:var(--wp--preset--spacing--30)\">\n<h2 class=\"wp-block-heading has-text-align-center has-large-font-size\">Get in touch with our firm <\/h2>\n\n\n\n<p class=\"has-text-align-center translation-block\" style=\"margin-top:16px\">For advice on human rights or criminal law, contact us. <br> Our expertise is at your service<\/p>\n\n\n\n<div class=\"wp-block-buttons is-content-justification-center is-layout-flex wp-container-core-buttons-is-layout-720bcce9 wp-block-buttons-is-layout-flex\">\n<div class=\"wp-block-button\"><a class=\"wp-block-button__link wp-element-button\" href=\"\/en\/contact\/\">Book an appointment now<\/a><\/div>\n<\/div>\n<\/div>\n\n\n\n<p><\/p>","protected":false},"excerpt":{"rendered":"<p>Droit p\u00e9nal &amp; proc\u00e9dure p\u00e9nale fran\u00e7aise Le cabinet assure la d\u00e9fense des personnes physiques (majeures et mineures) et morales, qu\u2019elles soient mises en cause ou parties civiles. Nous intervenons \u00e0 toutes les \u00e9tapes de la proc\u00e9dure p\u00e9nale : Nos domaines d\u2019action couvrent : Compliance, droits humains &amp; RSE Nous accompagnons individus, communaut\u00e9s, associations et institutions [&hellip;]<\/p>\n","protected":false},"author":1,"featured_media":0,"parent":0,"menu_order":0,"comment_status":"closed","ping_status":"closed","template":"page-with-title","meta":{"om_disable_all_campaigns":false,"_monsterinsights_skip_tracking":false,"_monsterinsights_sitenote_active":false,"_monsterinsights_sitenote_note":"","_monsterinsights_sitenote_category":0,"footnotes":""},"class_list":["post-12","page","type-page","status-publish","hentry"],"aioseo_notices":[],"_links":{"self":[{"href":"https:\/\/dbcr-avocat.fr\/en\/wp-json\/wp\/v2\/pages\/12","targetHints":{"allow":["GET"]}}],"collection":[{"href":"https:\/\/dbcr-avocat.fr\/en\/wp-json\/wp\/v2\/pages"}],"about":[{"href":"https:\/\/dbcr-avocat.fr\/en\/wp-json\/wp\/v2\/types\/page"}],"author":[{"embeddable":true,"href":"https:\/\/dbcr-avocat.fr\/en\/wp-json\/wp\/v2\/users\/1"}],"replies":[{"embeddable":true,"href":"https:\/\/dbcr-avocat.fr\/en\/wp-json\/wp\/v2\/comments?post=12"}],"version-history":[{"count":20,"href":"https:\/\/dbcr-avocat.fr\/en\/wp-json\/wp\/v2\/pages\/12\/revisions"}],"predecessor-version":[{"id":223,"href":"https:\/\/dbcr-avocat.fr\/en\/wp-json\/wp\/v2\/pages\/12\/revisions\/223"}],"wp:attachment":[{"href":"https:\/\/dbcr-avocat.fr\/en\/wp-json\/wp\/v2\/media?parent=12"}],"curies":[{"name":"wp","href":"https:\/\/api.w.org\/{rel}","templated":true}]}}