{"id":11,"date":"2024-12-05T16:40:49","date_gmt":"2024-12-05T16:40:49","guid":{"rendered":"https:\/\/dbcr-avocat.fr\/contact\/"},"modified":"2025-09-08T00:16:35","modified_gmt":"2025-09-08T00:16:35","slug":"contact","status":"publish","type":"page","link":"https:\/\/dbcr-avocat.fr\/en\/contact\/","title":{"rendered":""},"content":{"rendered":"\n<div class=\"wp-block-group alignfull has-background-background-color has-background has-global-padding is-layout-constrained wp-container-core-group-is-layout-832022f9 wp-block-group-is-layout-constrained\" style=\"margin-top:0;margin-bottom:0;padding-top:0;padding-right:0;padding-bottom:0;padding-left:0\">\n<p><\/p>\n\n\n\n<p><\/p>\n\n\n\n<h2 class=\"wp-block-heading has-text-align-center has-large-font-size\">Consultez notre cabinet pour <br>un accompagnement juridique sur mesure.<\/h2>\n<\/div>\n\n\n\n<p><\/p>\n\n\n\n<p><\/p>\n\n\n\n<div class=\"wp-block-group alignfull has-background-background-color has-background has-global-padding is-layout-constrained wp-container-core-group-is-layout-832022f9 wp-block-group-is-layout-constrained\" style=\"margin-top:0;margin-bottom:0;padding-top:0;padding-right:0;padding-bottom:0;padding-left:0\">\n<p class=\"has-text-align-left\" style=\"margin-top:16px\">Le Cabinet vous offre une expertise approfondie et un soutien personnalis\u00e9. Contactez-nous pour \u00e9changer avec une professionelle engag\u00e9e.<\/p>\n\n\n\n<p>Rencontrez votre avocate pour prot\u00e9ger vos droits.<br><br><\/p>\n<\/div>\n\n\n<style id=\"wpforms-css-vars-91-block-0fdc40c3-4eb8-4fe4-9d9c-4f89ff8d04d5\">\n\t\t\t\t#wpforms-91.wpforms-block-0fdc40c3-4eb8-4fe4-9d9c-4f89ff8d04d5 {\n\t\t\t\t--wpforms-label-color: #f7fafc;\n--wpforms-button-background-color: #9db4bd;\n--wpforms-button-text-color: #000000;\n--wpforms-field-size-input-height: 43px;\n--wpforms-field-size-input-spacing: 15px;\n--wpforms-field-size-font-size: 16px;\n--wpforms-field-size-line-height: 19px;\n--wpforms-field-size-padding-h: 14px;\n--wpforms-field-size-checkbox-size: 16px;\n--wpforms-field-size-sublabel-spacing: 5px;\n--wpforms-field-size-icon-size: 1;\n--wpforms-label-size-font-size: 16px;\n--wpforms-label-size-line-height: 19px;\n--wpforms-label-size-sublabel-font-size: 14px;\n--wpforms-label-size-sublabel-line-height: 17px;\n--wpforms-button-size-font-size: 17px;\n--wpforms-button-size-height: 41px;\n--wpforms-button-size-padding-h: 15px;\n--wpforms-button-size-margin-top: 10px;\n\t\t\t}\n\t\t\t<\/style><style id=\"wpforms-custom-css-91-block-0fdc40c3-4eb8-4fe4-9d9c-4f89ff8d04d5\">\n\t\t\t\tcaret-color: red;\n\t\t\t<\/style><div class=\"wpforms-container wpforms-container-full wpforms-block wpforms-block-0fdc40c3-4eb8-4fe4-9d9c-4f89ff8d04d5 wpforms-render-modern\" id=\"wpforms-91\"><form id=\"wpforms-form-91\" class=\"wpforms-validate wpforms-form wpforms-ajax-form\" data-formid=\"91\" method=\"post\" enctype=\"multipart\/form-data\" action=\"\/en\/wp-json\/wp\/v2\/pages\/11\" data-token=\"bc7fddd65ae5f238c17c1f8d67564a0e\" data-token-time=\"1778161882\"><noscript class=\"wpforms-error-noscript\">Please enable JavaScript in your browser to complete this form.<\/noscript><div id=\"wpforms-error-noscript\" style=\"display: none;\">Please enable JavaScript in your browser to complete this form.<\/div><div class=\"wpforms-field-container\"><div id=\"wpforms-91-field_1-container\" class=\"wpforms-field wpforms-field-name\" data-field-id=\"1\"><label class=\"wpforms-field-label\" for=\"wpforms-91-field_1\">Pr\u00e9nom <span class=\"wpforms-required-label\" aria-hidden=\"true\">*<\/span><\/label><input type=\"text\" id=\"wpforms-91-field_1\" class=\"wpforms-field-medium wpforms-field-required\" name=\"wpforms[fields][1]\" aria-errormessage=\"wpforms-91-field_1-error\" required><\/div><div id=\"wpforms-91-field_6-container\" class=\"wpforms-field wpforms-field-text\" data-field-id=\"6\"><label class=\"wpforms-field-label\" for=\"wpforms-91-field_6\">Nom de famille <span class=\"wpforms-required-label\" aria-hidden=\"true\">*<\/span><\/label><input type=\"text\" id=\"wpforms-91-field_6\" class=\"wpforms-field-medium wpforms-field-required\" name=\"wpforms[fields][6]\" aria-errormessage=\"wpforms-91-field_6-error\" required><\/div><div id=\"wpforms-91-field_2-container\" class=\"wpforms-field wpforms-field-email\" data-field-id=\"2\"><label class=\"wpforms-field-label\" for=\"wpforms-91-field_2\">E-mail <span class=\"wpforms-required-label\" aria-hidden=\"true\">*<\/span><\/label><input type=\"email\" id=\"wpforms-91-field_2\" class=\"wpforms-field-medium wpforms-field-required\" name=\"wpforms[fields][2]\" spellcheck=\"false\" aria-errormessage=\"wpforms-91-field_2-error\" required><\/div><div id=\"wpforms-91-field_4-container\" class=\"wpforms-field wpforms-field-radio wpforms-list-inline\" data-field-id=\"4\"><fieldset><legend class=\"wpforms-field-label\">Mati\u00e8re<\/legend><ul id=\"wpforms-91-field_4\"><li class=\"choice-1 depth-1\"><input type=\"radio\" id=\"wpforms-91-field_4_1\" name=\"wpforms[fields][4]\" value=\"Droit p\u00e9nal\" aria-errormessage=\"wpforms-91-field_4_1-error\"  ><label class=\"wpforms-field-label-inline\" for=\"wpforms-91-field_4_1\">Droit p\u00e9nal<\/label><\/li><li class=\"choice-2 depth-1\"><input type=\"radio\" id=\"wpforms-91-field_4_2\" name=\"wpforms[fields][4]\" value=\"Droit international p\u00e9nal \/ Droit p\u00e9nal international\" aria-errormessage=\"wpforms-91-field_4_2-error\"  ><label class=\"wpforms-field-label-inline\" for=\"wpforms-91-field_4_2\">Droit international p\u00e9nal \/ Droit p\u00e9nal international<\/label><\/li><li class=\"choice-3 depth-1\"><input type=\"radio\" id=\"wpforms-91-field_4_3\" name=\"wpforms[fields][4]\" value=\"Droits humains\" aria-errormessage=\"wpforms-91-field_4_3-error\"  ><label class=\"wpforms-field-label-inline\" for=\"wpforms-91-field_4_3\">Droits humains<\/label><\/li><li class=\"choice-4 depth-1\"><input type=\"radio\" id=\"wpforms-91-field_4_4\" name=\"wpforms[fields][4]\" value=\"Compliance\" aria-errormessage=\"wpforms-91-field_4_4-error\"  ><label class=\"wpforms-field-label-inline\" for=\"wpforms-91-field_4_4\">Compliance<\/label><\/li><\/ul><\/fieldset><\/div>\t\t<div id=\"wpforms-91-field_7-container\"\n\t\t\tclass=\"wpforms-field wpforms-field-text\"\n\t\t\tdata-field-type=\"text\"\n\t\t\tdata-field-id=\"7\"\n\t\t\t>\n\t\t\t<label class=\"wpforms-field-label\" for=\"wpforms-91-field_7\" >Mati\u00e8re E-mail d&#039;urgence<\/label>\n\t\t\t<input type=\"text\" id=\"wpforms-91-field_7\" class=\"wpforms-field-medium\" name=\"wpforms[fields][7]\" >\n\t\t<\/div>\n\t\t<div id=\"wpforms-91-field_5-container\" class=\"wpforms-field wpforms-field-text\" data-field-id=\"5\"><label class=\"wpforms-field-label\" for=\"wpforms-91-field_5\">Objet <span class=\"wpforms-required-label\" aria-hidden=\"true\">*<\/span><\/label><input type=\"text\" id=\"wpforms-91-field_5\" class=\"wpforms-field-medium wpforms-field-required\" name=\"wpforms[fields][5]\" aria-errormessage=\"wpforms-91-field_5-error\" required><\/div><div id=\"wpforms-91-field_3-container\" class=\"wpforms-field wpforms-field-textarea\" data-field-id=\"3\"><label class=\"wpforms-field-label\" for=\"wpforms-91-field_3\">Commentaire ou message <span class=\"wpforms-required-label\" aria-hidden=\"true\">*<\/span><\/label><textarea id=\"wpforms-91-field_3\" class=\"wpforms-field-medium wpforms-field-required\" name=\"wpforms[fields][3]\" aria-errormessage=\"wpforms-91-field_3-error\" required><\/textarea><\/div><div id=\"wpforms-91-field_8-container\" class=\"wpforms-field wpforms-field-number-slider\" data-field-id=\"8\"><label class=\"wpforms-field-label\" for=\"wpforms-91-field_8\">Degr\u00e9 d&#039;urgence<\/label>\n<input\n\ttype=\"range\"\n\tid=\"wpforms-91-field_8\" class=\"wpforms-field-medium\" name=\"wpforms[fields][8]\" value=\"0\" aria-errormessage=\"wpforms-91-field_8-error\" aria-describedby=\"wpforms-91-field_8-description\"\t\tmin=\"0\"\n\tmax=\"5\"\n\tstep=\"1\">\n\n<div class=\"wpforms-field-number-slider-hint\"\n\tdata-hint=\"Valeur s\u00e9lectionn\u00e9e\u00a0: {value}\">\n\tValeur s\u00e9lectionn\u00e9e\u00a0: <b>0<\/b><\/div>\n<div id=\"wpforms-91-field_8-description\" class=\"wpforms-field-description\">0 (urgence basse)\n5 (urgence haute)<\/div><\/div><script>\n\t\t\t\t( function() {\n\t\t\t\t\tconst style = document.createElement( 'style' );\n\t\t\t\t\tstyle.appendChild( document.createTextNode( '#wpforms-91-field_7-container { position: absolute !important; overflow: hidden !important; display: inline !important; height: 1px !important; width: 1px !important; z-index: -1000 !important; padding: 0 !important; } #wpforms-91-field_7-container input { visibility: hidden; } #wpforms-conversational-form-page #wpforms-91-field_7-container label { counter-increment: none; }' ) );\n\t\t\t\t\tdocument.head.appendChild( style );\n\t\t\t\t\tdocument.currentScript?.remove();\n\t\t\t\t} )();\n\t\t\t<\/script><\/div><!-- .wpforms-field-container --><div class=\"wpforms-submit-container\" ><input type=\"hidden\" name=\"wpforms[id]\" value=\"91\"><input type=\"hidden\" name=\"page_title\" value=\"\"><input type=\"hidden\" name=\"page_url\" value=\"https:\/\/dbcr-avocat.fr\/en\/wp-json\/wp\/v2\/pages\/11\"><input type=\"hidden\" name=\"url_referer\" value=\"\"><button type=\"submit\" name=\"wpforms[submit]\" id=\"wpforms-submit-91\" class=\"wpforms-submit\" data-alt-text=\"Envoi...\" data-submit-text=\"Envoyer\" aria-live=\"assertive\" value=\"wpforms-submit\">Envoyer<\/button><img loading=\"lazy\" decoding=\"async\" src=\"https:\/\/dbcr-avocat.fr\/wp-content\/plugins\/wpforms-lite\/assets\/images\/submit-spin.svg\" class=\"wpforms-submit-spinner\" style=\"display: none;\" width=\"26\" height=\"26\" alt=\"Loading\"><\/div><\/form><\/div>  <!-- .wpforms-container -->\n\n\n<div class=\"wp-block-group has-global-padding is-layout-constrained wp-block-group-is-layout-constrained\">\n<iframe src=\"https:\/\/www.google.com\/maps\/embed?pb=!1m18!1m12!1m3!1d5246.230553525252!2d2.3136696000000003!3d48.894140199999995!2m3!1f0!2f0!3f0!3m2!1i1024!2i768!4f13.1!3m3!1m2!1s0x47e66fa628551587%3A0x2b78195de8fc4832!2s1%20bis%20Bd%20Berthier%2C%2075017%20Paris!5e0!3m2!1sen!2sfr!4v1757278463732!5m2!1sen!2sfr\" width=\"672\" height=\"450\" style=\"border:0;\" allowfullscreen=\"\" loading=\"lazy\" referrerpolicy=\"no-referrer-when-downgrade\"><\/iframe>\n<\/div>\n\n\n\n<p><\/p>\n\n\n\n<p><\/p>\n","protected":false},"excerpt":{"rendered":"<p>Consultez notre cabinet pour un accompagnement juridique sur mesure. Le Cabinet vous offre une expertise approfondie et un soutien personnalis\u00e9. Contactez-nous pour \u00e9changer avec une professionelle engag\u00e9e. Rencontrez votre avocate pour prot\u00e9ger vos droits.<\/p>","protected":false},"author":1,"featured_media":0,"parent":0,"menu_order":0,"comment_status":"closed","ping_status":"closed","template":"no-title","meta":{"om_disable_all_campaigns":false,"_monsterinsights_skip_tracking":false,"_monsterinsights_sitenote_active":false,"_monsterinsights_sitenote_note":"","_monsterinsights_sitenote_category":0,"footnotes":""},"class_list":["post-11","page","type-page","status-publish","hentry"],"aioseo_notices":[],"_links":{"self":[{"href":"https:\/\/dbcr-avocat.fr\/en\/wp-json\/wp\/v2\/pages\/11","targetHints":{"allow":["GET"]}}],"collection":[{"href":"https:\/\/dbcr-avocat.fr\/en\/wp-json\/wp\/v2\/pages"}],"about":[{"href":"https:\/\/dbcr-avocat.fr\/en\/wp-json\/wp\/v2\/types\/page"}],"author":[{"embeddable":true,"href":"https:\/\/dbcr-avocat.fr\/en\/wp-json\/wp\/v2\/users\/1"}],"replies":[{"embeddable":true,"href":"https:\/\/dbcr-avocat.fr\/en\/wp-json\/wp\/v2\/comments?post=11"}],"version-history":[{"count":25,"href":"https:\/\/dbcr-avocat.fr\/en\/wp-json\/wp\/v2\/pages\/11\/revisions"}],"predecessor-version":[{"id":265,"href":"https:\/\/dbcr-avocat.fr\/en\/wp-json\/wp\/v2\/pages\/11\/revisions\/265"}],"wp:attachment":[{"href":"https:\/\/dbcr-avocat.fr\/en\/wp-json\/wp\/v2\/media?parent=11"}],"curies":[{"name":"wp","href":"https:\/\/api.w.org\/{rel}","templated":true}]}}